{"id":21,"date":"2026-02-25T14:03:30","date_gmt":"2026-02-25T14:03:30","guid":{"rendered":"http:\/\/xudlena.top\/?page_id=21"},"modified":"2026-02-25T14:04:16","modified_gmt":"2026-02-25T14:04:16","slug":"moho-en-banos","status":"publish","type":"page","link":"https:\/\/xudlena.top\/?page_id=21","title":{"rendered":"Moho en ba\u00f1os"},"content":{"rendered":"\n<hr class=\"wp-block-separator has-alpha-channel-opacity\"\/>\n\n\n\n<p>Hola, soy Roberto. Si hay un lugar en las casas de Valencia donde el moho se siente como en un hotel de cinco estrellas, ese es el cuarto de ba\u00f1o. Da igual si vives en un piso moderno en la Avenida de Francia o en una casita en Nazaret; el ba\u00f1o es la zona de guerra principal. El problema es matem\u00e1tico: vapor de agua de la ducha m\u00e1s falta de ventilaci\u00f3n igual a hongo asegurado. En mi experiencia, el 80% de las llamadas que recibo empiezan por &#8220;Roberto, las juntas de los azulejos se han puesto negras&#8221; o &#8220;la silicona de la ba\u00f1era tiene manchas que no salen ni frotando con cepillo de dientes&#8221;. Y mi respuesta es siempre la misma: la limpieza superficial es un parche, el problema es la estanqueidad y el flujo de aire.<\/p>\n\n\n\n<p>El moho en el ba\u00f1o no solo es feo, es persistente. Se alimenta de los restos de jab\u00f3n, de las c\u00e9lulas muertas de la piel y, por supuesto, de la humedad constante. Muchas veces, el moho crece detr\u00e1s de los azulejos porque hay una microfiltraci\u00f3n en el rejuntado. Si las juntas est\u00e1n porosas, el agua se mete detr\u00e1s y el hongo empieza a colonizar la pared desde dentro hacia afuera. Por eso, cuando venimos a hacer un saneamiento profesional, no solo limpiamos la superficie. A veces tenemos que retirar la silicona vieja \u2014que ya ha perdido sus propiedades fungicidas\u2014, desinfectar el hueco con biocidas espec\u00edficos y volver a sellar con productos de alta calidad que no se pongan negros a los dos meses.<\/p>\n\n\n\n<p>\u25c6 <strong>Sustituci\u00f3n de siliconas:<\/strong> Usamos selladores neutros con protecci\u00f3n de largo espectro. La silicona barata del supermercado no sirve para el clima de Valencia.<br>\u25c6 <strong>Limpieza de juntas:<\/strong> No rascamos a lo loco. Aplicamos un gel desincrustante que penetra en el cemento de la junta y mata la ra\u00edz del moho antes de volver a sellar.<br>\u25c6 <strong>Revisi\u00f3n de extractores:<\/strong> Si tienes un extractor de aire que hace mucho ruido pero no aspira ni el humo de un cigarrillo, tienes un problema. Los limpiamos o instalamos modelos con sensores de humedad que se activan solos.<br>\u25c6 <strong>Tratamiento de techos:<\/strong> El techo del ba\u00f1o es donde se acumula todo el vapor. Aplicamos pinturas anticondensaci\u00f3n que llevan microesferas cer\u00e1micas para evitar que el agua se pose.<br>\u25c6 <strong>Desinfecci\u00f3n de mamparas:<\/strong> Los perfiles de las mamparas son nidos de suciedad. Los desmontamos y tratamos con vapor a presi\u00f3n y desinfectantes industriales.<\/p>\n\n\n\n<hr class=\"wp-block-separator has-alpha-channel-opacity\"\/>\n\n\n\n<p>[[ NOTA ]]<br>Un truco que siempre doy a mis clientes en Valencia: despu\u00e9s de ducharte, no cierres la puerta del ba\u00f1o del todo si no tienes una ventana grande. Y si tienes ventana, \u00e1brela de par en par al menos 15 minutos. El objetivo es que el espejo deje de estar empa\u00f1ado lo antes posible. Si el espejo est\u00e1 mojado, tus paredes tambi\u00e9n lo est\u00e1n, y el moho est\u00e1 empezando a &#8220;cenar&#8221;.<\/p>\n\n\n\n<hr class=\"wp-block-separator has-alpha-channel-opacity\"\/>\n\n\n\n<p>He visto ba\u00f1os donde el moho ha llegado a corroer los mecanismos de las cisternas y a pudrir los bajos de los muebles de madera. No es una broma. Adem\u00e1s, en los ba\u00f1os suele aparecer el moho rosa (<em>Serratia marcescens<\/em>), que t\u00e9cnicamente es una bacteria pero que se comporta igual de mal. Si dejas que el problema avance, la desinfecci\u00f3n ser\u00e1 m\u00e1s costosa y podr\u00edas tener que cambiar incluso el mobiliario. Mi consejo es que en cuanto veas los primeros puntos negros en la silicona, act\u00faes. No esperes a que la mancha sea del tama\u00f1o de una mano. Una intervenci\u00f3n a tiempo en el ba\u00f1o es r\u00e1pida y te asegura un ambiente limpio para tu higiene diaria. En Valencia vivimos con la humedad, pero no tenemos por qu\u00e9 ba\u00f1arnos con ella.<\/p>\n","protected":false},"excerpt":{"rendered":"<p>Hola, soy Roberto. Si hay un lugar en las casas de Valencia donde el moho se siente como en un <span class=\"ellipsis\">&hellip;<\/span> <span class=\"more-link-wrap\"><a href=\"https:\/\/xudlena.top\/?page_id=21\" class=\"more-link\"><span>Read More &rarr;<\/span><\/a><\/span><\/p>\n","protected":false},"author":1,"featured_media":0,"parent":0,"menu_order":4,"comment_status":"closed","ping_status":"closed","template":"","meta":{"footnotes":""},"class_list":["post-21","page","type-page","status-publish","hentry"],"_links":{"self":[{"href":"https:\/\/xudlena.top\/index.php?rest_route=\/wp\/v2\/pages\/21","targetHints":{"allow":["GET"]}}],"collection":[{"href":"https:\/\/xudlena.top\/index.php?rest_route=\/wp\/v2\/pages"}],"about":[{"href":"https:\/\/xudlena.top\/index.php?rest_route=\/wp\/v2\/types\/page"}],"author":[{"embeddable":true,"href":"https:\/\/xudlena.top\/index.php?rest_route=\/wp\/v2\/users\/1"}],"replies":[{"embeddable":true,"href":"https:\/\/xudlena.top\/index.php?rest_route=%2Fwp%2Fv2%2Fcomments&post=21"}],"version-history":[{"count":1,"href":"https:\/\/xudlena.top\/index.php?rest_route=\/wp\/v2\/pages\/21\/revisions"}],"predecessor-version":[{"id":22,"href":"https:\/\/xudlena.top\/index.php?rest_route=\/wp\/v2\/pages\/21\/revisions\/22"}],"wp:attachment":[{"href":"https:\/\/xudlena.top\/index.php?rest_route=%2Fwp%2Fv2%2Fmedia&parent=21"}],"curies":[{"name":"wp","href":"https:\/\/api.w.org\/{rel}","templated":true}]}}