{"id":23,"date":"2026-02-25T14:06:01","date_gmt":"2026-02-25T14:06:01","guid":{"rendered":"http:\/\/xudlena.top\/?page_id=23"},"modified":"2026-02-25T14:06:33","modified_gmt":"2026-02-25T14:06:33","slug":"contacto-y-citas","status":"publish","type":"page","link":"https:\/\/xudlena.top\/?page_id=23","title":{"rendered":"Contacto y Citas"},"content":{"rendered":"\n<hr class=\"wp-block-separator has-alpha-channel-opacity\"\/>\n\n\n\n<p><strong>\u00bfCu\u00e1ndo trabajamos en Valencia?<\/strong><\/p>\n\n\n\n<p>Nuestros t\u00e9cnicos est\u00e1n en la calle de lunes a s\u00e1bado para combatir la humedad. Este es nuestro horario de atenci\u00f3n:<\/p>\n\n\n\n<p>\u25c6 <strong>Lunes a Viernes:<\/strong> 08:30 \u2013 19:30<br>\u25c6 <strong>S\u00e1bados:<\/strong> 09:00 \u2013 14:00 (Urgencias y visitas de diagn\u00f3stico)<br>\u25c6 <strong>Domingos:<\/strong> Descanso del equipo<\/p>\n\n\n\n<hr class=\"wp-block-separator has-alpha-channel-opacity\"\/>\n\n\n\n<p><strong>Encu\u00e9ntranos aqu\u00ed:<\/strong><\/p>\n\n\n\n<p>\u25c6 <strong>Direcci\u00f3n de la oficina:<\/strong> <strong>Carrer de Sedavi, 12, 46940 Manises, Valencia<\/strong><br>\u25c6 <strong>Correo electr\u00f3nico: support@xudlena.top<\/strong><br>\u25c6 <strong>Tel\u00e9fono de asistencia:<\/strong> <strong>+34-970-138-278<\/strong><\/p>\n\n\n\n<hr class=\"wp-block-separator has-alpha-channel-opacity\"\/>\n\n\n\n<p><strong>\u00bfQu\u00e9 necesitamos saber?<\/strong><\/p>\n\n\n\n<p>Si nos escribes o nos llamas, por favor dinos:<\/p>\n\n\n\n<ol class=\"wp-block-list\">\n<li>El barrio donde se encuentra el problema.<\/li>\n\n\n\n<li>Si el moho es visible en paredes, techos o muebles.<\/li>\n\n\n\n<li>Si el inmueble es de propiedad o de alquiler.<\/li>\n<\/ol>\n\n\n\n<hr class=\"wp-block-separator has-alpha-channel-opacity\"\/>\n\n\n\n<p><em>Nota: Debido a la alta humedad en Valencia durante los meses de invierno, solemos tener la agenda completa. Te recomendamos contactar con al menos 48 horas de antelaci\u00f3n para visitas de diagn\u00f3stico no urgentes.<\/em><\/p>\n","protected":false},"excerpt":{"rendered":"<p>\u00bfCu\u00e1ndo trabajamos en Valencia? Nuestros t\u00e9cnicos est\u00e1n en la calle de lunes a s\u00e1bado para combatir la humedad. Este es <span class=\"ellipsis\">&hellip;<\/span> <span class=\"more-link-wrap\"><a href=\"https:\/\/xudlena.top\/?page_id=23\" class=\"more-link\"><span>Read More &rarr;<\/span><\/a><\/span><\/p>\n","protected":false},"author":1,"featured_media":0,"parent":0,"menu_order":5,"comment_status":"closed","ping_status":"closed","template":"","meta":{"footnotes":""},"class_list":["post-23","page","type-page","status-publish","hentry"],"_links":{"self":[{"href":"https:\/\/xudlena.top\/index.php?rest_route=\/wp\/v2\/pages\/23","targetHints":{"allow":["GET"]}}],"collection":[{"href":"https:\/\/xudlena.top\/index.php?rest_route=\/wp\/v2\/pages"}],"about":[{"href":"https:\/\/xudlena.top\/index.php?rest_route=\/wp\/v2\/types\/page"}],"author":[{"embeddable":true,"href":"https:\/\/xudlena.top\/index.php?rest_route=\/wp\/v2\/users\/1"}],"replies":[{"embeddable":true,"href":"https:\/\/xudlena.top\/index.php?rest_route=%2Fwp%2Fv2%2Fcomments&post=23"}],"version-history":[{"count":1,"href":"https:\/\/xudlena.top\/index.php?rest_route=\/wp\/v2\/pages\/23\/revisions"}],"predecessor-version":[{"id":24,"href":"https:\/\/xudlena.top\/index.php?rest_route=\/wp\/v2\/pages\/23\/revisions\/24"}],"wp:attachment":[{"href":"https:\/\/xudlena.top\/index.php?rest_route=%2Fwp%2Fv2%2Fmedia&parent=23"}],"curies":[{"name":"wp","href":"https:\/\/api.w.org\/{rel}","templated":true}]}}